{"id":1426,"date":"2026-03-10T18:41:25","date_gmt":"2026-03-10T18:41:25","guid":{"rendered":"https:\/\/lenkodontologia.com.br\/?page_id=1426"},"modified":"2026-03-10T18:42:06","modified_gmt":"2026-03-10T18:42:06","slug":"politica-de-privacidade-e-termos-de-uso","status":"publish","type":"page","link":"https:\/\/lenkodontologia.com.br\/?page_id=1426","title":{"rendered":"Pol\u00edtica de Privacidade e Termos de Uso"},"content":{"rendered":"\t\t<div data-elementor-type=\"wp-page\" data-elementor-id=\"1426\" class=\"elementor elementor-1426\">\n\t\t\t\t<div class=\"elementor-element elementor-element-168f89e e-flex e-con-boxed e-con e-parent\" data-id=\"168f89e\" data-element_type=\"container\" data-e-type=\"container\">\n\t\t\t\t\t<div class=\"e-con-inner\">\n\t\t<div class=\"elementor-element elementor-element-77ddfd9 e-con-full e-flex e-con e-child\" data-id=\"77ddfd9\" data-element_type=\"container\" data-e-type=\"container\">\n\t\t\t\t<div class=\"elementor-element elementor-element-6045560 elementor-widget elementor-widget-image\" data-id=\"6045560\" data-element_type=\"widget\" data-e-type=\"widget\" data-widget_type=\"image.default\">\n\t\t\t\t\t\t\t\t\t\t\t\t\t\t\t<img fetchpriority=\"high\" decoding=\"async\" width=\"2073\" height=\"1197\" src=\"https:\/\/lenkodontologia.com.br\/wp-content\/uploads\/2026\/03\/logo-site.png\" class=\"attachment-full size-full wp-image-1362\" alt=\"\" srcset=\"https:\/\/lenkodontologia.com.br\/wp-content\/uploads\/2026\/03\/logo-site.png 2073w, https:\/\/lenkodontologia.com.br\/wp-content\/uploads\/2026\/03\/logo-site-300x173.png 300w, https:\/\/lenkodontologia.com.br\/wp-content\/uploads\/2026\/03\/logo-site-1024x591.png 1024w, https:\/\/lenkodontologia.com.br\/wp-content\/uploads\/2026\/03\/logo-site-768x443.png 768w, https:\/\/lenkodontologia.com.br\/wp-content\/uploads\/2026\/03\/logo-site-1536x887.png 1536w, https:\/\/lenkodontologia.com.br\/wp-content\/uploads\/2026\/03\/logo-site-2048x1183.png 2048w\" sizes=\"(max-width: 2073px) 100vw, 2073px\" \/>\t\t\t\t\t\t\t\t\t\t\t\t\t\t\t<\/div>\n\t\t\t\t<\/div>\n\t\t<div class=\"elementor-element elementor-element-9b1c309 e-con-full e-flex e-con e-child\" data-id=\"9b1c309\" data-element_type=\"container\" data-e-type=\"container\">\n\t\t\t\t<div class=\"elementor-element elementor-element-31e1620 elementor-widget elementor-widget-ekit-nav-menu\" data-id=\"31e1620\" data-element_type=\"widget\" data-e-type=\"widget\" data-settings=\"{&quot;_animation_tablet&quot;:&quot;none&quot;}\" data-widget_type=\"ekit-nav-menu.default\">\n\t\t\t\t<div class=\"elementor-widget-container\">\n\t\t\t\t\t\t\t<nav class=\"ekit-wid-con ekit_menu_responsive_tablet\"\n\t\t\tdata-hamburger-icon=\"icon icon-menu-11\"\n\t\t\tdata-hamburger-icon-type=\"icon\"\n\t\t\tdata-responsive-breakpoint=\"1024\">\n\t\t\t            <button class=\"elementskit-menu-hamburger elementskit-menu-toggler\"  type=\"button\" aria-label=\"hamburger-icon\">\n                <i aria-hidden=\"true\" class=\"ekit-menu-icon icon icon-menu-11\"><\/i>            <\/button>\n            <div id=\"ekit-megamenu-main-menu\" class=\"elementskit-menu-container elementskit-menu-offcanvas-elements elementskit-navbar-nav-default ekit-nav-menu-one-page-no ekit-nav-dropdown-hover\"><ul id=\"menu-main-menu\" class=\"elementskit-navbar-nav elementskit-menu-po-center submenu-click-on-icon\"><li id=\"menu-item-1353\" class=\"menu-item menu-item-type-custom menu-item-object-custom menu-item-home menu-item-1353 nav-item elementskit-mobile-builder-content\" data-vertical-menu=750px><a href=\"https:\/\/lenkodontologia.com.br\/\" class=\"ekit-menu-nav-link\">Home<\/a><\/li>\n<li id=\"menu-item-1354\" class=\"menu-item menu-item-type-custom menu-item-object-custom menu-item-1354 nav-item elementskit-mobile-builder-content\" data-vertical-menu=750px><a href=\"#tratamentos\" class=\"ekit-menu-nav-link\">Tratamentos<\/a><\/li>\n<li id=\"menu-item-1355\" class=\"menu-item menu-item-type-custom menu-item-object-custom menu-item-1355 nav-item elementskit-mobile-builder-content\" data-vertical-menu=750px><a href=\"#contato\" class=\"ekit-menu-nav-link\">Agendamento<\/a><\/li>\n<li id=\"menu-item-1356\" class=\"menu-item menu-item-type-custom menu-item-object-custom menu-item-1356 nav-item elementskit-mobile-builder-content\" data-vertical-menu=750px><a href=\"#contato\" class=\"ekit-menu-nav-link\">Contatos<\/a><\/li>\n<\/ul><div class=\"elementskit-nav-identity-panel\"><a class=\"elementskit-nav-logo\" href=\"https:\/\/lenkodontologia.com.br\" target=\"\" rel=\"\"><img src=\"https:\/\/lenkodontologia.com.br\/wp-content\/uploads\/2026\/03\/logo-site.png\" title=\"logo site\" alt=\"logo site\" decoding=\"async\" \/><\/a><button class=\"elementskit-menu-close elementskit-menu-toggler\" type=\"button\">X<\/button><\/div><\/div>\n\t\t\t<div class=\"elementskit-menu-overlay elementskit-menu-offcanvas-elements elementskit-menu-toggler ekit-nav-menu--overlay\"><\/div>        <\/nav>\n\t\t\t\t\t\t<\/div>\n\t\t\t\t<\/div>\n\t\t\t\t<\/div>\n\t\t<div class=\"elementor-element elementor-element-80e6705 e-con-full elementor-hidden-mobile e-flex e-con e-child\" data-id=\"80e6705\" data-element_type=\"container\" data-e-type=\"container\">\n\t\t\t\t<div class=\"elementor-element elementor-element-dcf5bcd elementor-align-right elementor-widget elementor-widget-button\" data-id=\"dcf5bcd\" data-element_type=\"widget\" data-e-type=\"widget\" data-widget_type=\"button.default\">\n\t\t\t\t\t\t\t\t\t\t<a class=\"elementor-button elementor-button-link elementor-size-sm\" href=\"https:\/\/wa.me\/5561981925326?text=Quero%20agendar%20minha%20avalia%C3%A7%C3%A3o\">\n\t\t\t\t\t\t<span class=\"elementor-button-content-wrapper\">\n\t\t\t\t\t\t\t\t\t<span class=\"elementor-button-text\">Agendar avalia\u00e7\u00e3o<\/span>\n\t\t\t\t\t<\/span>\n\t\t\t\t\t<\/a>\n\t\t\t\t\t\t\t\t<\/div>\n\t\t\t\t<\/div>\n\t\t\t\t\t<\/div>\n\t\t\t\t<\/div>\n\t\t<div class=\"elementor-element elementor-element-e197da3 e-con-full e-flex e-con e-parent\" data-id=\"e197da3\" data-element_type=\"container\" data-e-type=\"container\">\n\t\t<div class=\"elementor-element elementor-element-53f607da e-con-full e-flex e-con e-child\" data-id=\"53f607da\" data-element_type=\"container\" data-e-type=\"container\">\n\t\t<div class=\"elementor-element elementor-element-7f8e7437 e-con-full e-flex e-con e-child\" data-id=\"7f8e7437\" data-element_type=\"container\" data-e-type=\"container\">\n\t\t\t\t<div class=\"elementor-element elementor-element-58a97b3d elementor-invisible elementor-widget elementor-widget-heading\" data-id=\"58a97b3d\" data-element_type=\"widget\" data-e-type=\"widget\" data-settings=\"{&quot;_animation&quot;:&quot;fadeInUp&quot;}\" data-widget_type=\"heading.default\">\n\t\t\t\t\t<h3 class=\"elementor-heading-title elementor-size-default\">Pol\u00edtica de Privacidade e Termos de Uso<\/h3>\t\t\t\t<\/div>\n\t\t\t\t<div class=\"elementor-element elementor-element-356069b9 elementor-widget elementor-widget-text-editor\" data-id=\"356069b9\" data-element_type=\"widget\" data-e-type=\"widget\" data-widget_type=\"text-editor.default\">\n\t\t\t\t\t\t\t\t\t<h5><b>Pol\u00edtica de Privacidade<\/b><\/h5><p data-start=\"180\" data-end=\"410\">A sua privacidade \u00e9 importante para n\u00f3s. \u00c9 pol\u00edtica da <strong data-start=\"235\" data-end=\"255\">Lenk Odontologia<\/strong> respeitar a sua privacidade em rela\u00e7\u00e3o a qualquer informa\u00e7\u00e3o que possamos coletar no site <strong data-start=\"346\" data-end=\"366\">Lenk Odontologia<\/strong> e em outros sites que possu\u00edmos e operamos.<\/p>\n<p data-start=\"412\" data-end=\"678\">Solicitamos informa\u00e7\u00f5es pessoais apenas quando realmente precisamos delas para lhe fornecer um servi\u00e7o. Fazemos isso por meios justos e legais, com o seu conhecimento e consentimento. Tamb\u00e9m informamos por que estamos coletando os dados e como eles ser\u00e3o utilizados.<\/p>\n<p data-start=\"680\" data-end=\"975\">Apenas retemos as informa\u00e7\u00f5es coletadas pelo tempo necess\u00e1rio para fornecer o servi\u00e7o solicitado. Quando armazenamos dados, protegemos essas informa\u00e7\u00f5es dentro de meios comercialmente aceit\u00e1veis para evitar perdas, roubos, acessos n\u00e3o autorizados, divulga\u00e7\u00e3o, c\u00f3pia, uso ou modifica\u00e7\u00e3o indevida.<\/p>\n<p data-start=\"977\" data-end=\"1094\">N\u00e3o compartilhamos informa\u00e7\u00f5es de identifica\u00e7\u00e3o pessoal publicamente ou com terceiros, exceto quando exigido por lei.<\/p>\n<p data-start=\"1096\" data-end=\"1344\">Nosso site pode conter links para sites externos que n\u00e3o s\u00e3o operados por n\u00f3s. Esteja ciente de que n\u00e3o temos controle sobre o conte\u00fado e as pr\u00e1ticas desses sites e n\u00e3o podemos aceitar responsabilidade por suas respectivas pol\u00edticas de privacidade.<\/p>\n<p data-start=\"1346\" data-end=\"1491\">Voc\u00ea \u00e9 livre para recusar a nossa solicita\u00e7\u00e3o de informa\u00e7\u00f5es pessoais, entendendo que talvez n\u00e3o possamos fornecer alguns dos servi\u00e7os desejados.<\/p>\n<p data-start=\"1493\" data-end=\"1743\">O uso continuado de nosso site ser\u00e1 considerado como aceita\u00e7\u00e3o de nossas pr\u00e1ticas relacionadas \u00e0 privacidade e \u00e0s informa\u00e7\u00f5es pessoais. Caso tenha alguma d\u00favida sobre como lidamos com dados do usu\u00e1rio e informa\u00e7\u00f5es pessoais, entre em contato conosco.<\/p>\n<h5><b>Publicidade e Cookies<\/b><\/h5>\n<p data-start=\"1775\" data-end=\"2015\">O servi\u00e7o <strong data-start=\"1785\" data-end=\"1803\">Google AdSense<\/strong>, utilizado para veicular publicidade em nosso site, utiliza o cookie <strong data-start=\"1873\" data-end=\"1888\">DoubleClick<\/strong> para exibir an\u00fancios mais relevantes em toda a web e limitar o n\u00famero de vezes que um determinado an\u00fancio \u00e9 exibido para voc\u00ea.<\/p>\n<p data-start=\"2017\" data-end=\"2106\">Para mais informa\u00e7\u00f5es, consulte as <strong data-start=\"2052\" data-end=\"2105\">FAQs oficiais sobre privacidade do Google AdSense<\/strong>.<\/p>\n<p data-start=\"2108\" data-end=\"2473\">Utilizamos an\u00fancios para ajudar a cobrir os custos de funcionamento do site e financiar futuros desenvolvimentos. Os cookies de publicidade comportamental utilizados por este site foram projetados para garantir que voc\u00ea visualize an\u00fancios mais relevantes, rastreando anonimamente seus interesses e apresentando conte\u00fados semelhantes que possam ser do seu interesse.<\/p>\n<p data-start=\"1493\" data-end=\"1743\">\n<\/p><p data-start=\"2475\" data-end=\"2760\">Alguns parceiros anunciam em nosso nome e os cookies de rastreamento de afiliados permitem verificar se nossos clientes acessaram o site por meio de parceiros, para que possamos credit\u00e1-los corretamente e, quando aplic\u00e1vel, permitir que esses parceiros ofere\u00e7am promo\u00e7\u00f5es relacionadas.<\/p>\n<h5><b>Compromisso do Usu\u00e1rio<\/b><\/h5>\n<p data-start=\"2793\" data-end=\"2948\">O usu\u00e1rio compromete-se a fazer uso adequado dos conte\u00fados e das informa\u00e7\u00f5es que a <strong data-start=\"2876\" data-end=\"2896\">Lenk Odontologia<\/strong> oferece no site, incluindo, mas n\u00e3o se limitando a:<\/p>\n<p data-start=\"2950\" data-end=\"3038\"><strong data-start=\"2950\" data-end=\"2956\">A)<\/strong> N\u00e3o se envolver em atividades ilegais ou contr\u00e1rias \u00e0 boa f\u00e9 e \u00e0 ordem p\u00fablica.<\/p>\n<p data-start=\"3040\" data-end=\"3241\"><strong data-start=\"3040\" data-end=\"3046\">B)<\/strong> N\u00e3o difundir propaganda ou conte\u00fado de natureza racista, xenof\u00f3bica, relacionado a jogos de azar, pornografia ilegal, apologia ao terrorismo ou qualquer conte\u00fado que viole os direitos humanos.<\/p>\n<p data-start=\"2475\" data-end=\"2760\">\n<\/p><p data-start=\"3243\" data-end=\"3473\"><strong data-start=\"3243\" data-end=\"3249\">C)<\/strong> N\u00e3o causar danos aos sistemas f\u00edsicos (hardware) e l\u00f3gicos (software) da Lenk Odontologia, de seus fornecedores ou de terceiros, nem introduzir ou disseminar v\u00edrus ou qualquer outro sistema capaz de causar danos aos mesmos.<\/p>\n<h5><b>Mais Informa\u00e7\u00f5es<\/b><\/h5>\n<p data-start=\"3500\" data-end=\"3738\">Esperamos que tudo esteja esclarecido. Como mencionado anteriormente, caso exista algo que voc\u00ea n\u00e3o tenha certeza se precisa ou n\u00e3o, geralmente \u00e9 mais seguro manter os cookies ativados, caso utilize algum recurso dispon\u00edvel em nosso site.<\/p>\n<p data-start=\"2475\" data-end=\"2760\">\n<\/p><p data-start=\"3740\" data-end=\"3800\"><strong data-start=\"3740\" data-end=\"3800\">Esta pol\u00edtica \u00e9 efetiva a partir de 10 de mar\u00e7o de 2026.<\/strong><\/p>\n<p data-start=\"2475\" data-end=\"2760\"><br><\/p>\t\t\t\t\t\t\t\t<\/div>\n\t\t\t\t<\/div>\n\t\t\t\t<\/div>\n\t\t\t\t<\/div>\n\t\t<div class=\"elementor-element elementor-element-854f9ca e-flex e-con-boxed e-con e-parent\" data-id=\"854f9ca\" data-element_type=\"container\" data-e-type=\"container\" data-settings=\"{&quot;background_background&quot;:&quot;classic&quot;}\">\n\t\t\t\t\t<div class=\"e-con-inner\">\n\t\t<div class=\"elementor-element elementor-element-2e61ea7 e-con-full e-flex e-con e-child\" data-id=\"2e61ea7\" data-element_type=\"container\" data-e-type=\"container\">\n\t\t\t\t<div class=\"elementor-element elementor-element-b47cc5e elementor-widget elementor-widget-image\" data-id=\"b47cc5e\" data-element_type=\"widget\" data-e-type=\"widget\" data-widget_type=\"image.default\">\n\t\t\t\t\t\t\t\t\t\t\t\t\t\t\t<img decoding=\"async\" width=\"2073\" height=\"1197\" src=\"https:\/\/lenkodontologia.com.br\/wp-content\/uploads\/2026\/03\/logo-site-branco.png\" class=\"attachment-full size-full wp-image-1366\" alt=\"\" srcset=\"https:\/\/lenkodontologia.com.br\/wp-content\/uploads\/2026\/03\/logo-site-branco.png 2073w, https:\/\/lenkodontologia.com.br\/wp-content\/uploads\/2026\/03\/logo-site-branco-300x173.png 300w, https:\/\/lenkodontologia.com.br\/wp-content\/uploads\/2026\/03\/logo-site-branco-1024x591.png 1024w, https:\/\/lenkodontologia.com.br\/wp-content\/uploads\/2026\/03\/logo-site-branco-768x443.png 768w, https:\/\/lenkodontologia.com.br\/wp-content\/uploads\/2026\/03\/logo-site-branco-1536x887.png 1536w, https:\/\/lenkodontologia.com.br\/wp-content\/uploads\/2026\/03\/logo-site-branco-2048x1183.png 2048w\" sizes=\"(max-width: 2073px) 100vw, 2073px\" \/>\t\t\t\t\t\t\t\t\t\t\t\t\t\t\t<\/div>\n\t\t\t\t<div class=\"elementor-element elementor-element-71c12ac elementor-widget elementor-widget-text-editor\" data-id=\"71c12ac\" data-element_type=\"widget\" data-e-type=\"widget\" data-widget_type=\"text-editor.default\">\n\t\t\t\t\t\t\t\t\t<p data-start=\"406\" data-end=\"554\">Na <strong data-start=\"409\" data-end=\"429\">Lenk Odontologia<\/strong>, cuidamos da sa\u00fade e da est\u00e9tica do seu sorriso com tecnologia moderna, atendimento humanizado e profissionais qualificados.<\/p>\t\t\t\t\t\t\t\t<\/div>\n\t\t<div class=\"elementor-element elementor-element-1a3c1eb e-con-full e-flex e-con e-child\" data-id=\"1a3c1eb\" data-element_type=\"container\" data-e-type=\"container\">\n\t\t\t\t<div class=\"elementor-element elementor-element-414bb8f elementor-view-stacked elementor-shape-circle elementor-widget elementor-widget-icon\" data-id=\"414bb8f\" data-element_type=\"widget\" data-e-type=\"widget\" data-widget_type=\"icon.default\">\n\t\t\t\t\t\t\t<div class=\"elementor-icon-wrapper\">\n\t\t\t<div class=\"elementor-icon\">\n\t\t\t<i aria-hidden=\"true\" class=\"icon icon-phone\"><\/i>\t\t\t<\/div>\n\t\t<\/div>\n\t\t\t\t\t\t<\/div>\n\t\t\t\t<div class=\"elementor-element elementor-element-cdf844a elementor-widget elementor-widget-elementskit-heading\" data-id=\"cdf844a\" data-element_type=\"widget\" data-e-type=\"widget\" data-widget_type=\"elementskit-heading.default\">\n\t\t\t\t\t<div class=\"ekit-wid-con\" ><div class=\"ekit-heading elementskit-section-title-wraper text_left   ekit_heading_tablet-   ekit_heading_mobile-\"><h2 class=\"ekit-heading--title elementskit-section-title \">Whatsapp<\/h2>\t\t\t\t<div class='ekit-heading__description'>\n\t\t\t\t\t<p>(61) 9 8192-5326<\/p>\n\t\t\t\t<\/div>\n\t\t\t<\/div><\/div>\t\t\t\t<\/div>\n\t\t\t\t<\/div>\n\t\t\t\t<\/div>\n\t\t<div class=\"elementor-element elementor-element-75fc75e e-con-full e-flex e-con e-child\" data-id=\"75fc75e\" data-element_type=\"container\" data-e-type=\"container\">\n\t\t\t\t<div class=\"elementor-element elementor-element-64c9967 elementor-widget elementor-widget-heading\" data-id=\"64c9967\" data-element_type=\"widget\" data-e-type=\"widget\" data-widget_type=\"heading.default\">\n\t\t\t\t\t<h2 class=\"elementor-heading-title elementor-size-default\">A Cl\u00ednica<\/h2>\t\t\t\t<\/div>\n\t\t\t\t<div class=\"elementor-element elementor-element-597e916 elementor-icon-list--layout-traditional elementor-list-item-link-full_width elementor-widget elementor-widget-icon-list\" data-id=\"597e916\" data-element_type=\"widget\" data-e-type=\"widget\" data-widget_type=\"icon-list.default\">\n\t\t\t\t\t\t\t<ul class=\"elementor-icon-list-items\">\n\t\t\t\t\t\t\t<li class=\"elementor-icon-list-item\">\n\t\t\t\t\t\t\t\t\t\t\t<a href=\"#\">\n\n\t\t\t\t\t\t\t\t\t\t\t<span class=\"elementor-icon-list-text\">Sobre a Lenk Odontologia<\/span>\n\t\t\t\t\t\t\t\t\t\t\t<\/a>\n\t\t\t\t\t\t\t\t\t<\/li>\n\t\t\t\t\t\t\t\t<li class=\"elementor-icon-list-item\">\n\t\t\t\t\t\t\t\t\t\t\t<a href=\"#\">\n\n\t\t\t\t\t\t\t\t\t\t\t<span class=\"elementor-icon-list-text\">Nossa Equipe<\/span>\n\t\t\t\t\t\t\t\t\t\t\t<\/a>\n\t\t\t\t\t\t\t\t\t<\/li>\n\t\t\t\t\t\t\t\t<li class=\"elementor-icon-list-item\">\n\t\t\t\t\t\t\t\t\t\t\t<a href=\"#\">\n\n\t\t\t\t\t\t\t\t\t\t\t<span class=\"elementor-icon-list-text\">Estrutura da Cl\u00ednica<\/span>\n\t\t\t\t\t\t\t\t\t\t\t<\/a>\n\t\t\t\t\t\t\t\t\t<\/li>\n\t\t\t\t\t\t\t\t<li class=\"elementor-icon-list-item\">\n\t\t\t\t\t\t\t\t\t\t\t<a href=\"#\">\n\n\t\t\t\t\t\t\t\t\t\t\t<span class=\"elementor-icon-list-text\">Depoimentos<\/span>\n\t\t\t\t\t\t\t\t\t\t\t<\/a>\n\t\t\t\t\t\t\t\t\t<\/li>\n\t\t\t\t\t\t\t\t<li class=\"elementor-icon-list-item\">\n\t\t\t\t\t\t\t\t\t\t\t<a href=\"#\">\n\n\t\t\t\t\t\t\t\t\t\t\t<span class=\"elementor-icon-list-text\">Contato<\/span>\n\t\t\t\t\t\t\t\t\t\t\t<\/a>\n\t\t\t\t\t\t\t\t\t<\/li>\n\t\t\t\t\t\t<\/ul>\n\t\t\t\t\t\t<\/div>\n\t\t\t\t<\/div>\n\t\t<div class=\"elementor-element elementor-element-1d6996b e-con-full e-flex e-con e-child\" data-id=\"1d6996b\" data-element_type=\"container\" data-e-type=\"container\">\n\t\t\t\t<div class=\"elementor-element elementor-element-bb8d960 elementor-widget elementor-widget-heading\" data-id=\"bb8d960\" data-element_type=\"widget\" data-e-type=\"widget\" data-widget_type=\"heading.default\">\n\t\t\t\t\t<h2 class=\"elementor-heading-title elementor-size-default\">Tratamentos<\/h2>\t\t\t\t<\/div>\n\t\t\t\t<div class=\"elementor-element elementor-element-0fd3682 elementor-icon-list--layout-traditional elementor-list-item-link-full_width elementor-widget elementor-widget-icon-list\" data-id=\"0fd3682\" data-element_type=\"widget\" data-e-type=\"widget\" data-widget_type=\"icon-list.default\">\n\t\t\t\t\t\t\t<ul class=\"elementor-icon-list-items\">\n\t\t\t\t\t\t\t<li class=\"elementor-icon-list-item\">\n\t\t\t\t\t\t\t\t\t\t\t<a href=\"#tratamentos\">\n\n\t\t\t\t\t\t\t\t\t\t\t<span class=\"elementor-icon-list-text\">Implantes Dent\u00e1rios<\/span>\n\t\t\t\t\t\t\t\t\t\t\t<\/a>\n\t\t\t\t\t\t\t\t\t<\/li>\n\t\t\t\t\t\t\t\t<li class=\"elementor-icon-list-item\">\n\t\t\t\t\t\t\t\t\t\t\t<a href=\"#tratamentos\">\n\n\t\t\t\t\t\t\t\t\t\t\t<span class=\"elementor-icon-list-text\">Facetas Dent\u00e1rias<\/span>\n\t\t\t\t\t\t\t\t\t\t\t<\/a>\n\t\t\t\t\t\t\t\t\t<\/li>\n\t\t\t\t\t\t\t\t<li class=\"elementor-icon-list-item\">\n\t\t\t\t\t\t\t\t\t\t\t<a href=\"#tratamentos\">\n\n\t\t\t\t\t\t\t\t\t\t\t<span class=\"elementor-icon-list-text\">Clareamento Dental<\/span>\n\t\t\t\t\t\t\t\t\t\t\t<\/a>\n\t\t\t\t\t\t\t\t\t<\/li>\n\t\t\t\t\t\t\t\t<li class=\"elementor-icon-list-item\">\n\t\t\t\t\t\t\t\t\t\t\t<a href=\"#tratamentos\">\n\n\t\t\t\t\t\t\t\t\t\t\t<span class=\"elementor-icon-list-text\">Aparelho Dent\u00e1rio<\/span>\n\t\t\t\t\t\t\t\t\t\t\t<\/a>\n\t\t\t\t\t\t\t\t\t<\/li>\n\t\t\t\t\t\t\t\t<li class=\"elementor-icon-list-item\">\n\t\t\t\t\t\t\t\t\t\t\t<a href=\"#tratamentos\">\n\n\t\t\t\t\t\t\t\t\t\t\t<span class=\"elementor-icon-list-text\">Restaura\u00e7\u00e3o Est\u00e9tica<\/span>\n\t\t\t\t\t\t\t\t\t\t\t<\/a>\n\t\t\t\t\t\t\t\t\t<\/li>\n\t\t\t\t\t\t<\/ul>\n\t\t\t\t\t\t<\/div>\n\t\t\t\t<\/div>\n\t\t<div class=\"elementor-element elementor-element-f283dcc e-con-full e-flex e-con e-child\" data-id=\"f283dcc\" data-element_type=\"container\" data-e-type=\"container\">\n\t\t\t\t<div class=\"elementor-element elementor-element-fbc4583 elementor-widget elementor-widget-heading\" data-id=\"fbc4583\" data-element_type=\"widget\" data-e-type=\"widget\" data-widget_type=\"heading.default\">\n\t\t\t\t\t<h2 class=\"elementor-heading-title elementor-size-default\">Hor\u00e1rio de Atendimento<\/h2>\t\t\t\t<\/div>\n\t\t<div class=\"elementor-element elementor-element-799e432 e-con-full e-flex e-con e-child\" data-id=\"799e432\" data-element_type=\"container\" data-e-type=\"container\">\n\t\t\t\t<div class=\"elementor-element elementor-element-923cb9f elementor-widget elementor-widget-elementskit-heading\" data-id=\"923cb9f\" data-element_type=\"widget\" data-e-type=\"widget\" data-widget_type=\"elementskit-heading.default\">\n\t\t\t\t\t<div class=\"ekit-wid-con\" ><div class=\"ekit-heading elementskit-section-title-wraper text_left   ekit_heading_tablet-   ekit_heading_mobile-\"><p class=\"ekit-heading--title elementskit-section-title \">Segunda a sexta<\/p><\/div><\/div>\t\t\t\t<\/div>\n\t\t\t\t<div class=\"elementor-element elementor-element-70bdb14 elementor-widget elementor-widget-elementskit-heading\" data-id=\"70bdb14\" data-element_type=\"widget\" data-e-type=\"widget\" data-widget_type=\"elementskit-heading.default\">\n\t\t\t\t\t<div class=\"ekit-wid-con\" ><div class=\"ekit-heading elementskit-section-title-wraper text_left   ekit_heading_tablet-   ekit_heading_mobile-\"><p class=\"ekit-heading--title elementskit-section-title \">09:00  - 19:00 <\/p><\/div><\/div>\t\t\t\t<\/div>\n\t\t\t\t<\/div>\n\t\t<div class=\"elementor-element elementor-element-e87ba43 e-con-full e-flex e-con e-child\" data-id=\"e87ba43\" data-element_type=\"container\" data-e-type=\"container\">\n\t\t\t\t<div class=\"elementor-element elementor-element-761753f elementor-widget elementor-widget-elementskit-heading\" data-id=\"761753f\" data-element_type=\"widget\" data-e-type=\"widget\" data-widget_type=\"elementskit-heading.default\">\n\t\t\t\t\t<div class=\"ekit-wid-con\" ><div class=\"ekit-heading elementskit-section-title-wraper text_left   ekit_heading_tablet-   ekit_heading_mobile-\"><p class=\"ekit-heading--title elementskit-section-title \">S\u00e1bado <\/p><\/div><\/div>\t\t\t\t<\/div>\n\t\t\t\t<div class=\"elementor-element elementor-element-e77def2 elementor-widget elementor-widget-elementskit-heading\" data-id=\"e77def2\" data-element_type=\"widget\" data-e-type=\"widget\" data-widget_type=\"elementskit-heading.default\">\n\t\t\t\t\t<div class=\"ekit-wid-con\" ><div class=\"ekit-heading elementskit-section-title-wraper text_left   ekit_heading_tablet-   ekit_heading_mobile-\"><p class=\"ekit-heading--title elementskit-section-title \">08:00  - 12:00 <\/p><\/div><\/div>\t\t\t\t<\/div>\n\t\t\t\t<\/div>\n\t\t<div class=\"elementor-element elementor-element-21cba6d e-con-full e-flex e-con e-child\" data-id=\"21cba6d\" data-element_type=\"container\" data-e-type=\"container\">\n\t\t\t\t<div class=\"elementor-element elementor-element-7416ac8 elementor-widget elementor-widget-elementskit-heading\" data-id=\"7416ac8\" data-element_type=\"widget\" data-e-type=\"widget\" data-widget_type=\"elementskit-heading.default\">\n\t\t\t\t\t<div class=\"ekit-wid-con\" ><div class=\"ekit-heading elementskit-section-title-wraper text_left   ekit_heading_tablet-   ekit_heading_mobile-\"><p class=\"ekit-heading--title elementskit-section-title \">Domingo<\/p><\/div><\/div>\t\t\t\t<\/div>\n\t\t\t\t<div class=\"elementor-element elementor-element-0ddf967 elementor-widget elementor-widget-elementskit-heading\" data-id=\"0ddf967\" data-element_type=\"widget\" data-e-type=\"widget\" data-widget_type=\"elementskit-heading.default\">\n\t\t\t\t\t<div class=\"ekit-wid-con\" ><div class=\"ekit-heading elementskit-section-title-wraper text_left   ekit_heading_tablet-   ekit_heading_mobile-\"><p class=\"ekit-heading--title elementskit-section-title \">Fechado<\/p><\/div><\/div>\t\t\t\t<\/div>\n\t\t\t\t<\/div>\n\t\t\t\t<\/div>\n\t\t\t\t\t<\/div>\n\t\t\t\t<\/div>\n\t\t\t\t<\/div>\n\t\t","protected":false},"excerpt":{"rendered":"<p>Home Tratamentos Agendamento Contatos X Agendar avalia\u00e7\u00e3o Pol\u00edtica de Privacidade e Termos de Uso Pol\u00edtica de Privacidade A sua privacidade \u00e9 importante para n\u00f3s. \u00c9 pol\u00edtica da Lenk Odontologia respeitar a sua privacidade em rela\u00e7\u00e3o a qualquer informa\u00e7\u00e3o que possamos coletar no site Lenk Odontologia e em outros sites que possu\u00edmos e operamos. Solicitamos informa\u00e7\u00f5es [&hellip;]<\/p>\n","protected":false},"author":1,"featured_media":0,"parent":0,"menu_order":0,"comment_status":"closed","ping_status":"closed","template":"elementor_canvas","meta":{"footnotes":""},"class_list":["post-1426","page","type-page","status-publish","hentry"],"_links":{"self":[{"href":"https:\/\/lenkodontologia.com.br\/index.php?rest_route=\/wp\/v2\/pages\/1426","targetHints":{"allow":["GET"]}}],"collection":[{"href":"https:\/\/lenkodontologia.com.br\/index.php?rest_route=\/wp\/v2\/pages"}],"about":[{"href":"https:\/\/lenkodontologia.com.br\/index.php?rest_route=\/wp\/v2\/types\/page"}],"author":[{"embeddable":true,"href":"https:\/\/lenkodontologia.com.br\/index.php?rest_route=\/wp\/v2\/users\/1"}],"replies":[{"embeddable":true,"href":"https:\/\/lenkodontologia.com.br\/index.php?rest_route=%2Fwp%2Fv2%2Fcomments&post=1426"}],"version-history":[{"count":4,"href":"https:\/\/lenkodontologia.com.br\/index.php?rest_route=\/wp\/v2\/pages\/1426\/revisions"}],"predecessor-version":[{"id":1437,"href":"https:\/\/lenkodontologia.com.br\/index.php?rest_route=\/wp\/v2\/pages\/1426\/revisions\/1437"}],"wp:attachment":[{"href":"https:\/\/lenkodontologia.com.br\/index.php?rest_route=%2Fwp%2Fv2%2Fmedia&parent=1426"}],"curies":[{"name":"wp","href":"https:\/\/api.w.org\/{rel}","templated":true}]}}